{"id":8,"date":"2025-11-26T11:30:40","date_gmt":"2025-11-26T14:30:40","guid":{"rendered":"http:\/\/anacastilho.com.br\/?page_id=8"},"modified":"2025-11-26T11:30:40","modified_gmt":"2025-11-26T14:30:40","slug":"pagina-inicial","status":"publish","type":"page","link":"http:\/\/anacastilho.com.br\/","title":{"rendered":"P\u00e1gina inicial"},"content":{"rendered":"\n<p>Boas-vindas ao seu site! Esta \u00e9 sua p\u00e1gina inicial, que \u00e9 a p\u00e1gina que a maioria dos visitantes vai ver ao acessar o seu site pela primeira vez.<\/p>\n","protected":false},"excerpt":{"rendered":"<p>Boas-vindas ao seu site! Esta \u00e9 sua p\u00e1gina inicial, que \u00e9 a p\u00e1gina que a maioria dos visitantes vai ver ao acessar o seu site pela primeira vez.<\/p>\n","protected":false},"author":1,"featured_media":0,"parent":0,"menu_order":0,"comment_status":"closed","ping_status":"closed","template":"","meta":{"footnotes":""},"class_list":["post-8","page","type-page","status-publish","hentry","has-meta has-sticky-meta"],"yoast_head":"<!-- This site is optimized with the Yoast SEO plugin v22.8 - https:\/\/yoast.com\/wordpress\/plugins\/seo\/ -->\n<title>P\u00e1gina inicial - Ana Castilho - Psicanalista<\/title>\n<meta name=\"robots\" content=\"index, follow, max-snippet:-1, max-image-preview:large, max-video-preview:-1\" \/>\n<link rel=\"canonical\" href=\"http:\/\/anacastilho.com.br\/\" \/>\n<meta property=\"og:locale\" content=\"en_US\" \/>\n<meta property=\"og:type\" content=\"article\" \/>\n<meta property=\"og:title\" content=\"P\u00e1gina inicial - Ana Castilho - Psicanalista\" \/>\n<meta property=\"og:description\" content=\"Boas-vindas ao seu site! Esta \u00e9 sua p\u00e1gina inicial, que \u00e9 a p\u00e1gina que a maioria dos visitantes vai ver ao acessar o seu site pela primeira vez.\" \/>\n<meta property=\"og:url\" content=\"http:\/\/anacastilho.com.br\/\" \/>\n<meta property=\"og:site_name\" content=\"Ana Castilho - Psicanalista\" \/>\n<meta name=\"twitter:card\" content=\"summary_large_image\" \/>\n<script type=\"application\/ld+json\" class=\"yoast-schema-graph\">{\"@context\":\"https:\/\/schema.org\",\"@graph\":[{\"@type\":\"WebPage\",\"@id\":\"http:\/\/anacastilho.com.br\/\",\"url\":\"http:\/\/anacastilho.com.br\/\",\"name\":\"P\u00e1gina inicial - Ana Castilho - Psicanalista\",\"isPartOf\":{\"@id\":\"http:\/\/anacastilho.com.br\/#website\"},\"datePublished\":\"2025-11-26T14:30:40+00:00\",\"dateModified\":\"2025-11-26T14:30:40+00:00\",\"breadcrumb\":{\"@id\":\"http:\/\/anacastilho.com.br\/#breadcrumb\"},\"inLanguage\":\"en-US\",\"potentialAction\":[{\"@type\":\"ReadAction\",\"target\":[\"http:\/\/anacastilho.com.br\/\"]}]},{\"@type\":\"BreadcrumbList\",\"@id\":\"http:\/\/anacastilho.com.br\/#breadcrumb\",\"itemListElement\":[{\"@type\":\"ListItem\",\"position\":1,\"name\":\"Home\",\"item\":\"http:\/\/anacastilho.com.br\/\"},{\"@type\":\"ListItem\",\"position\":2,\"name\":\"P\u00e1gina inicial\"}]},{\"@type\":\"WebSite\",\"@id\":\"http:\/\/anacastilho.com.br\/#website\",\"url\":\"http:\/\/anacastilho.com.br\/\",\"name\":\"Ana Castilho - Psicanalista\",\"description\":\"\",\"potentialAction\":[{\"@type\":\"SearchAction\",\"target\":{\"@type\":\"EntryPoint\",\"urlTemplate\":\"http:\/\/anacastilho.com.br\/?s={search_term_string}\"},\"query-input\":\"required name=search_term_string\"}],\"inLanguage\":\"en-US\"}]}<\/script>\n<!-- \/ Yoast SEO plugin. -->","yoast_head_json":{"title":"P\u00e1gina inicial - Ana Castilho - Psicanalista","robots":{"index":"index","follow":"follow","max-snippet":"max-snippet:-1","max-image-preview":"max-image-preview:large","max-video-preview":"max-video-preview:-1"},"canonical":"http:\/\/anacastilho.com.br\/","og_locale":"en_US","og_type":"article","og_title":"P\u00e1gina inicial - Ana Castilho - Psicanalista","og_description":"Boas-vindas ao seu site! Esta \u00e9 sua p\u00e1gina inicial, que \u00e9 a p\u00e1gina que a maioria dos visitantes vai ver ao acessar o seu site pela primeira vez.","og_url":"http:\/\/anacastilho.com.br\/","og_site_name":"Ana Castilho - Psicanalista","twitter_card":"summary_large_image","schema":{"@context":"https:\/\/schema.org","@graph":[{"@type":"WebPage","@id":"http:\/\/anacastilho.com.br\/","url":"http:\/\/anacastilho.com.br\/","name":"P\u00e1gina inicial - Ana Castilho - Psicanalista","isPartOf":{"@id":"http:\/\/anacastilho.com.br\/#website"},"datePublished":"2025-11-26T14:30:40+00:00","dateModified":"2025-11-26T14:30:40+00:00","breadcrumb":{"@id":"http:\/\/anacastilho.com.br\/#breadcrumb"},"inLanguage":"en-US","potentialAction":[{"@type":"ReadAction","target":["http:\/\/anacastilho.com.br\/"]}]},{"@type":"BreadcrumbList","@id":"http:\/\/anacastilho.com.br\/#breadcrumb","itemListElement":[{"@type":"ListItem","position":1,"name":"Home","item":"http:\/\/anacastilho.com.br\/"},{"@type":"ListItem","position":2,"name":"P\u00e1gina inicial"}]},{"@type":"WebSite","@id":"http:\/\/anacastilho.com.br\/#website","url":"http:\/\/anacastilho.com.br\/","name":"Ana Castilho - Psicanalista","description":"","potentialAction":[{"@type":"SearchAction","target":{"@type":"EntryPoint","urlTemplate":"http:\/\/anacastilho.com.br\/?s={search_term_string}"},"query-input":"required name=search_term_string"}],"inLanguage":"en-US"}]}},"_links":{"self":[{"href":"http:\/\/anacastilho.com.br\/index.php?rest_route=\/wp\/v2\/pages\/8","targetHints":{"allow":["GET"]}}],"collection":[{"href":"http:\/\/anacastilho.com.br\/index.php?rest_route=\/wp\/v2\/pages"}],"about":[{"href":"http:\/\/anacastilho.com.br\/index.php?rest_route=\/wp\/v2\/types\/page"}],"author":[{"embeddable":true,"href":"http:\/\/anacastilho.com.br\/index.php?rest_route=\/wp\/v2\/users\/1"}],"replies":[{"embeddable":true,"href":"http:\/\/anacastilho.com.br\/index.php?rest_route=%2Fwp%2Fv2%2Fcomments&post=8"}],"version-history":[{"count":1,"href":"http:\/\/anacastilho.com.br\/index.php?rest_route=\/wp\/v2\/pages\/8\/revisions"}],"predecessor-version":[{"id":15,"href":"http:\/\/anacastilho.com.br\/index.php?rest_route=\/wp\/v2\/pages\/8\/revisions\/15"}],"wp:attachment":[{"href":"http:\/\/anacastilho.com.br\/index.php?rest_route=%2Fwp%2Fv2%2Fmedia&parent=8"}],"curies":[{"name":"wp","href":"https:\/\/api.w.org\/{rel}","templated":true}]}}