{"id":34,"date":"2025-12-09T11:39:51","date_gmt":"2025-12-09T14:39:51","guid":{"rendered":"http:\/\/anacastilho.com.br\/?page_id=34"},"modified":"2025-12-09T11:39:53","modified_gmt":"2025-12-09T14:39:53","slug":"sessao-de-terapia","status":"publish","type":"page","link":"http:\/\/anacastilho.com.br\/?page_id=34","title":{"rendered":"Atendimento"},"content":{"rendered":"\n<p>A Psican\u00e1lise Contempor\u00e2nea orienta meu trabalho oferecendo um modo de escuta que considera a hist\u00f3ria singular de cada pessoa, seus acontecimentos presentes, suas rela\u00e7\u00f5es e os sentidos que se repetem ao longo da vida. N\u00e3o busco interpretar de forma r\u00edgida, mas criar um espa\u00e7o onde a pessoa ou casal, possa elaborar o que sente, nomear o que atravessa e reconhecer movimentos internos que, muitas vezes, passam despercebidos no dia a dia. Esse olhar contempor\u00e2neo favorece novos modos de perceber a si, ao outro e ao mundo, abrindo espa\u00e7o para mudan\u00e7as de perspectiva e escolhas mais conscientes.<\/p>\n\n\n\n<p>Minha metodologia de trabalho se baseia na constru\u00e7\u00e3o de um v\u00ednculo seguro, sustentado pela \u00e9tica, pelo sigilo e pelo respeito ao tempo ps\u00edquico de cada um. As sess\u00f5es acontecem em ritmo pr\u00f3prio, sem pressa e sem f\u00f3rmulas prontas, permitindo que a fala encontre seu caminho. A partir do que se repete, do que d\u00f3i ou do que causa impasse, trabalhamos juntos(as) para compreender essas marcas e abrir novas possibilidades de express\u00e3o e movimento na vida. \u00c9 um processo que favorece autonomia emocional, clareza interna e a reorganiza\u00e7\u00e3o do que, por vezes, parecia sem sa\u00edda.<\/p>\n\n\n\n<blockquote class=\"wp-block-quote is-layout-flow wp-block-quote-is-layout-flow\">\n<p>Porque, quando a palavra encontra lugar, a vida encontra movimento.<\/p>\n<\/blockquote>\n\n\n\n<div class=\"wp-block-buttons is-content-justification-center is-layout-flex wp-container-core-buttons-is-layout-16018d1d wp-block-buttons-is-layout-flex\">\n<div class=\"wp-block-button is-style-outline is-style-outline--1\"><a class=\"wp-block-button__link wp-element-button\" href=\"https:\/\/api.whatsapp.com\/send\/?phone=5547991187767&amp;text=Ol%C3%A1+Ana%2C+acessei+seu+site%2C+e+gostaria+de+agendar+uma+sess%C3%A3o+de+an%C3%A1lise.&amp;type=phone_number&amp;app_absent=0\">Agende sua sess\u00e3o<\/a><\/div>\n<\/div>\n","protected":false},"excerpt":{"rendered":"<p>A Psican\u00e1lise Contempor\u00e2nea orienta meu trabalho oferecendo um modo de escuta que considera a hist\u00f3ria singular de cada pessoa, seus acontecimentos presentes, suas rela\u00e7\u00f5es e os sentidos que se repetem &hellip; <\/p>\n","protected":false},"author":1,"featured_media":0,"parent":0,"menu_order":0,"comment_status":"closed","ping_status":"closed","template":"","meta":{"footnotes":""},"class_list":["post-34","page","type-page","status-publish","hentry","has-meta has-sticky-meta"],"yoast_head":"<!-- This site is optimized with the Yoast SEO plugin v22.8 - https:\/\/yoast.com\/wordpress\/plugins\/seo\/ -->\n<title>Atendimento - Ana Castilho - Psicanalista<\/title>\n<meta name=\"description\" content=\"Cl\u00ednica de Psican\u00e1lise em Florian\u00f3polis. Atendimentos individuais e para casais, com escuta contempor\u00e2nea, \u00e9tica e sens\u00edvel, para ampliar perspectivas e compreender afetos.\" \/>\n<meta name=\"robots\" content=\"index, follow, max-snippet:-1, max-image-preview:large, max-video-preview:-1\" \/>\n<link rel=\"canonical\" href=\"http:\/\/anacastilho.com.br\/?page_id=34\" \/>\n<meta property=\"og:locale\" content=\"en_US\" \/>\n<meta property=\"og:type\" content=\"article\" \/>\n<meta property=\"og:title\" content=\"Atendimento - Ana Castilho - Psicanalista\" \/>\n<meta property=\"og:description\" content=\"Cl\u00ednica de Psican\u00e1lise em Florian\u00f3polis. Atendimentos individuais e para casais, com escuta contempor\u00e2nea, \u00e9tica e sens\u00edvel, para ampliar perspectivas e compreender afetos.\" \/>\n<meta property=\"og:url\" content=\"http:\/\/anacastilho.com.br\/?page_id=34\" \/>\n<meta property=\"og:site_name\" content=\"Ana Castilho - Psicanalista\" \/>\n<meta property=\"article:modified_time\" content=\"2025-12-09T14:39:53+00:00\" \/>\n<meta name=\"twitter:card\" content=\"summary_large_image\" \/>\n<meta name=\"twitter:label1\" content=\"Est. reading time\" \/>\n\t<meta name=\"twitter:data1\" content=\"1 minute\" \/>\n<script type=\"application\/ld+json\" class=\"yoast-schema-graph\">{\"@context\":\"https:\/\/schema.org\",\"@graph\":[{\"@type\":\"WebPage\",\"@id\":\"http:\/\/anacastilho.com.br\/?page_id=34\",\"url\":\"http:\/\/anacastilho.com.br\/?page_id=34\",\"name\":\"Atendimento - Ana Castilho - Psicanalista\",\"isPartOf\":{\"@id\":\"http:\/\/anacastilho.com.br\/#website\"},\"datePublished\":\"2025-12-09T14:39:51+00:00\",\"dateModified\":\"2025-12-09T14:39:53+00:00\",\"description\":\"Cl\u00ednica de Psican\u00e1lise em Florian\u00f3polis. Atendimentos individuais e para casais, com escuta contempor\u00e2nea, \u00e9tica e sens\u00edvel, para ampliar perspectivas e compreender afetos.\",\"breadcrumb\":{\"@id\":\"http:\/\/anacastilho.com.br\/?page_id=34#breadcrumb\"},\"inLanguage\":\"en-US\",\"potentialAction\":[{\"@type\":\"ReadAction\",\"target\":[\"http:\/\/anacastilho.com.br\/?page_id=34\"]}]},{\"@type\":\"BreadcrumbList\",\"@id\":\"http:\/\/anacastilho.com.br\/?page_id=34#breadcrumb\",\"itemListElement\":[{\"@type\":\"ListItem\",\"position\":1,\"name\":\"Home\",\"item\":\"http:\/\/anacastilho.com.br\/\"},{\"@type\":\"ListItem\",\"position\":2,\"name\":\"Atendimento\"}]},{\"@type\":\"WebSite\",\"@id\":\"http:\/\/anacastilho.com.br\/#website\",\"url\":\"http:\/\/anacastilho.com.br\/\",\"name\":\"Ana Castilho - Psicanalista\",\"description\":\"\",\"potentialAction\":[{\"@type\":\"SearchAction\",\"target\":{\"@type\":\"EntryPoint\",\"urlTemplate\":\"http:\/\/anacastilho.com.br\/?s={search_term_string}\"},\"query-input\":\"required name=search_term_string\"}],\"inLanguage\":\"en-US\"}]}<\/script>\n<!-- \/ Yoast SEO plugin. -->","yoast_head_json":{"title":"Atendimento - Ana Castilho - Psicanalista","description":"Cl\u00ednica de Psican\u00e1lise em Florian\u00f3polis. Atendimentos individuais e para casais, com escuta contempor\u00e2nea, \u00e9tica e sens\u00edvel, para ampliar perspectivas e compreender afetos.","robots":{"index":"index","follow":"follow","max-snippet":"max-snippet:-1","max-image-preview":"max-image-preview:large","max-video-preview":"max-video-preview:-1"},"canonical":"http:\/\/anacastilho.com.br\/?page_id=34","og_locale":"en_US","og_type":"article","og_title":"Atendimento - Ana Castilho - Psicanalista","og_description":"Cl\u00ednica de Psican\u00e1lise em Florian\u00f3polis. Atendimentos individuais e para casais, com escuta contempor\u00e2nea, \u00e9tica e sens\u00edvel, para ampliar perspectivas e compreender afetos.","og_url":"http:\/\/anacastilho.com.br\/?page_id=34","og_site_name":"Ana Castilho - Psicanalista","article_modified_time":"2025-12-09T14:39:53+00:00","twitter_card":"summary_large_image","twitter_misc":{"Est. reading time":"1 minute"},"schema":{"@context":"https:\/\/schema.org","@graph":[{"@type":"WebPage","@id":"http:\/\/anacastilho.com.br\/?page_id=34","url":"http:\/\/anacastilho.com.br\/?page_id=34","name":"Atendimento - Ana Castilho - Psicanalista","isPartOf":{"@id":"http:\/\/anacastilho.com.br\/#website"},"datePublished":"2025-12-09T14:39:51+00:00","dateModified":"2025-12-09T14:39:53+00:00","description":"Cl\u00ednica de Psican\u00e1lise em Florian\u00f3polis. Atendimentos individuais e para casais, com escuta contempor\u00e2nea, \u00e9tica e sens\u00edvel, para ampliar perspectivas e compreender afetos.","breadcrumb":{"@id":"http:\/\/anacastilho.com.br\/?page_id=34#breadcrumb"},"inLanguage":"en-US","potentialAction":[{"@type":"ReadAction","target":["http:\/\/anacastilho.com.br\/?page_id=34"]}]},{"@type":"BreadcrumbList","@id":"http:\/\/anacastilho.com.br\/?page_id=34#breadcrumb","itemListElement":[{"@type":"ListItem","position":1,"name":"Home","item":"http:\/\/anacastilho.com.br\/"},{"@type":"ListItem","position":2,"name":"Atendimento"}]},{"@type":"WebSite","@id":"http:\/\/anacastilho.com.br\/#website","url":"http:\/\/anacastilho.com.br\/","name":"Ana Castilho - Psicanalista","description":"","potentialAction":[{"@type":"SearchAction","target":{"@type":"EntryPoint","urlTemplate":"http:\/\/anacastilho.com.br\/?s={search_term_string}"},"query-input":"required name=search_term_string"}],"inLanguage":"en-US"}]}},"_links":{"self":[{"href":"http:\/\/anacastilho.com.br\/index.php?rest_route=\/wp\/v2\/pages\/34","targetHints":{"allow":["GET"]}}],"collection":[{"href":"http:\/\/anacastilho.com.br\/index.php?rest_route=\/wp\/v2\/pages"}],"about":[{"href":"http:\/\/anacastilho.com.br\/index.php?rest_route=\/wp\/v2\/types\/page"}],"author":[{"embeddable":true,"href":"http:\/\/anacastilho.com.br\/index.php?rest_route=\/wp\/v2\/users\/1"}],"replies":[{"embeddable":true,"href":"http:\/\/anacastilho.com.br\/index.php?rest_route=%2Fwp%2Fv2%2Fcomments&post=34"}],"version-history":[{"count":1,"href":"http:\/\/anacastilho.com.br\/index.php?rest_route=\/wp\/v2\/pages\/34\/revisions"}],"predecessor-version":[{"id":35,"href":"http:\/\/anacastilho.com.br\/index.php?rest_route=\/wp\/v2\/pages\/34\/revisions\/35"}],"wp:attachment":[{"href":"http:\/\/anacastilho.com.br\/index.php?rest_route=%2Fwp%2Fv2%2Fmedia&parent=34"}],"curies":[{"name":"wp","href":"https:\/\/api.w.org\/{rel}","templated":true}]}}